{"id":1500,"date":"2022-09-26T14:21:00","date_gmt":"2022-09-26T12:21:00","guid":{"rendered":"https:\/\/voleda.fr\/blog\/?page_id=1500"},"modified":"2023-04-25T16:59:11","modified_gmt":"2023-04-25T14:59:11","slug":"portail-2","status":"publish","type":"page","link":"https:\/\/voleda.fr\/blog\/portail-2\/","title":{"rendered":"Portail"},"content":{"rendered":"\t\t<div data-elementor-type=\"wp-page\" data-elementor-id=\"1500\" class=\"elementor elementor-1500\">\n\t\t\t\t\t\t\t\t\t<section class=\"elementor-section elementor-top-section elementor-element elementor-element-25cdbde8 elementor-section-boxed elementor-section-height-default elementor-section-height-default\" data-id=\"25cdbde8\" data-element_type=\"section\" id=\"xs_blog_light_post_img_2\" data-settings=\"{&quot;background_background&quot;:&quot;classic&quot;}\">\n\t\t\t\t\t\t\t<div class=\"elementor-background-overlay\"><\/div>\n\t\t\t\t\t\t\t<div class=\"elementor-container elementor-column-gap-default\">\n\t\t\t\t\t<div class=\"elementor-column elementor-col-100 elementor-top-column elementor-element elementor-element-59e22ed9\" data-id=\"59e22ed9\" data-element_type=\"column\">\n\t\t\t<div class=\"elementor-widget-wrap elementor-element-populated\">\n\t\t\t\t\t\t\t\t<div class=\"elementor-element elementor-element-1f291266 elementor-widget elementor-widget-elementskit-heading\" data-id=\"1f291266\" data-element_type=\"widget\" data-widget_type=\"elementskit-heading.default\">\n\t\t\t\t<div class=\"elementor-widget-container\">\n\t\t\t<div class=\"ekit-wid-con\" ><div class=\"ekit-heading elementskit-section-title-wraper text_center   ekit_heading_tablet-   ekit_heading_mobile-\"><h1 class=\"ekit-heading--title elementskit-section-title \">\n\t\t\t\t\tPortail\n\t\t\t\t<\/h1><div class=\"ekit_heading_separetor_wraper ekit_heading_elementskit-border-divider elementskit-style-long\"><div class=\"elementskit-border-divider elementskit-style-long\"><\/div><\/div>\t\t\t\t<div class='ekit-heading__description'>\n\t\t\t\t\t<p>D\u00e9couvrez tous nos articles concernant les portails battants et coulissants.<\/p>\n\t\t\t\t<\/div>\n\t\t\t<\/div><\/div>\t\t<\/div>\n\t\t\t\t<\/div>\n\t\t\t\t<section class=\"elementor-section elementor-inner-section elementor-element elementor-element-327bc379 elementor-section-boxed elementor-section-height-default elementor-section-height-default\" data-id=\"327bc379\" data-element_type=\"section\">\n\t\t\t\t\t\t<div class=\"elementor-container elementor-column-gap-default\">\n\t\t\t\t\t<div class=\"elementor-column elementor-col-100 elementor-inner-column elementor-element elementor-element-638a357f\" data-id=\"638a357f\" data-element_type=\"column\">\n\t\t\t<div class=\"elementor-widget-wrap elementor-element-populated\">\n\t\t\t\t\t\t\t\t<div class=\"elementor-element elementor-element-69738a9c e-transform elementor-widget elementor-widget-elementskit-blog-posts\" data-id=\"69738a9c\" data-element_type=\"widget\" data-settings=\"{&quot;_transform_scale_effect&quot;:{&quot;unit&quot;:&quot;px&quot;,&quot;size&quot;:&quot;&quot;,&quot;sizes&quot;:[]},&quot;_transform_scale_effect_tablet&quot;:{&quot;unit&quot;:&quot;px&quot;,&quot;size&quot;:&quot;&quot;,&quot;sizes&quot;:[]},&quot;_transform_scale_effect_mobile&quot;:{&quot;unit&quot;:&quot;px&quot;,&quot;size&quot;:&quot;&quot;,&quot;sizes&quot;:[]}}\" data-widget_type=\"elementskit-blog-posts.default\">\n\t\t\t\t<div class=\"elementor-widget-container\">\n\t\t\t<div class=\"ekit-wid-con\" >        <div id=\"post-items--69738a9c\" class=\"row post-items\">\n                    <div class=\"col-lg-4 col-md-6\">\n\n                                    <div class=\"elementskit-post-image-card\">\n                        <div class=\"elementskit-entry-header\">\n                                                            <a href=\"https:\/\/voleda.fr\/blog\/nice\/nice-robuskit-400-motorisation-portail\/529\/\" class=\"elementskit-entry-thumb\">\n                                    <img decoding=\"async\" src=\"https:\/\/voleda.fr\/blog\/wp-content\/uploads\/2016\/08\/13Plan-de-travail-1-1024x654.jpg\" alt=\"Nice RobusKit 400 &#8211; Motorisation portail\">\n                                <\/a><!-- .elementskit-entry-thumb END -->\n                                                            \n                                                            <div class=\"elementskit-meta-categories\">\n                                    <span class=\"elementskit-meta-wraper\">\n                                        <span><a href=\"https:\/\/voleda.fr\/blog\/category\/nice\/\" rel=\"category tag\">Nice<\/a><\/span><span><a href=\"https:\/\/voleda.fr\/blog\/category\/portail\/\" rel=\"category tag\">Portail<\/a><\/span>\n                                    <\/span>\n                                <\/div>\n                            \n\t\t\t\t\t\t\t\t\t\t\t\t\t<\/div><!-- .elementskit-entry-header END -->\n\n\t\t\t\t\t\t<div class=\"elementskit-post-body \">\n\t\t\t\t\t\t\t\n\t\t\t\t\t\t\t\t\t\t\t\t\t\t\t\t\t\t\t\t\t\t\t\t\t\n\t\t\t\t\t\t\t\t\n\t\t\t\t\t\t\t\t\t\t\t\t\t\t\t\t\t\t\t\t\t<h2 class=\"entry-title\">\n\t\t\t\t\t<a href=\"https:\/\/voleda.fr\/blog\/nice\/nice-robuskit-400-motorisation-portail\/529\/\">\n\t\t\t\t\t\tNice RobusKit 400 &#8211; Motorisation portail\t\t\t\t\t<\/a>\n\t\t\t\t<\/h2>\n\t\t\t\t\t\t\t\t\t\t\t\t\t\t\t\t\t\t\t\t\t\t\t\t\t\t\t\t\t\t\t\t\t\t\t\t\t\t\t\t\t\t<p>Le moteur Nice Robus 400 est une valeur s\u00fbre du march\u00e9 de l&#039;automatisme afin de motoriser votre portail coulissant jusqu&#039;\u00e0 400 kg. D\u00e9couvrez nos diff\u00e9rents packs Nice Robuskit 400 :<\/p>\n\t\t\t\t\t\t\t\t\t\t\t\t\t\t\t\t\t\t\t\t\t\t                                                            <div class=\"btn-wraper\">\n                                    \n                                                                            <a href=\"https:\/\/voleda.fr\/blog\/nice\/nice-robuskit-400-motorisation-portail\/529\/\" class=\"elementskit-btn  whitespace--normal\" >\n                                                                                    Lire la suite                                        <\/a>\n                                                                    <\/div>\n                                                    <\/div><!-- .elementskit-post-body END -->\n                    <\/div>\n                \n            <\/div>\n                <\/div>\n       <\/div>\t\t<\/div>\n\t\t\t\t<\/div>\n\t\t\t\t\t<\/div>\n\t\t<\/div>\n\t\t\t\t\t\t\t<\/div>\n\t\t<\/section>\n\t\t\t\t\t<\/div>\n\t\t<\/div>\n\t\t\t\t\t\t\t<\/div>\n\t\t<\/section>\n\t\t\t\t<section class=\"elementor-section elementor-top-section elementor-element elementor-element-1f12fb9 elementor-section-full_width elementor-section-stretched elementor-section-height-default elementor-section-height-default\" data-id=\"1f12fb9\" data-element_type=\"section\" data-settings=\"{&quot;stretch_section&quot;:&quot;section-stretched&quot;,&quot;background_background&quot;:&quot;classic&quot;}\">\n\t\t\t\t\t\t<div class=\"elementor-container elementor-column-gap-default\">\n\t\t\t\t\t<div class=\"elementor-column elementor-col-100 elementor-top-column elementor-element elementor-element-db0a09a\" data-id=\"db0a09a\" data-element_type=\"column\">\n\t\t\t<div class=\"elementor-widget-wrap elementor-element-populated\">\n\t\t\t\t\t\t\t\t<div class=\"elementor-element elementor-element-30a5f14 elementor-widget elementor-widget-heading\" data-id=\"30a5f14\" data-element_type=\"widget\" data-widget_type=\"heading.default\">\n\t\t\t\t<div class=\"elementor-widget-container\">\n\t\t\t<style>\/*! elementor - v3.7.4 - 31-08-2022 *\/\n.elementor-heading-title{padding:0;margin:0;line-height:1}.elementor-widget-heading .elementor-heading-title[class*=elementor-size-]>a{color:inherit;font-size:inherit;line-height:inherit}.elementor-widget-heading .elementor-heading-title.elementor-size-small{font-size:15px}.elementor-widget-heading .elementor-heading-title.elementor-size-medium{font-size:19px}.elementor-widget-heading .elementor-heading-title.elementor-size-large{font-size:29px}.elementor-widget-heading .elementor-heading-title.elementor-size-xl{font-size:39px}.elementor-widget-heading .elementor-heading-title.elementor-size-xxl{font-size:59px}<\/style><h2 class=\"elementor-heading-title elementor-size-default\">D\u00e9couvrez nos autres cat\u00e9gories<\/h2>\t\t<\/div>\n\t\t\t\t<\/div>\n\t\t\t\t<section class=\"elementor-section elementor-inner-section elementor-element elementor-element-0dcf755 elementor-section-boxed elementor-section-height-default elementor-section-height-default\" data-id=\"0dcf755\" data-element_type=\"section\">\n\t\t\t\t\t\t<div class=\"elementor-container elementor-column-gap-default\">\n\t\t\t\t\t<div class=\"elementor-column elementor-col-25 elementor-inner-column elementor-element elementor-element-3f5a943\" data-id=\"3f5a943\" data-element_type=\"column\">\n\t\t\t<div class=\"elementor-widget-wrap elementor-element-populated\">\n\t\t\t\t\t\t\t\t<div class=\"elementor-element elementor-element-0af4ab7 elementor-invisible elementor-widget elementor-widget-image\" data-id=\"0af4ab7\" data-element_type=\"widget\" data-settings=\"{&quot;_animation&quot;:&quot;fadeIn&quot;}\" data-widget_type=\"image.default\">\n\t\t\t\t<div class=\"elementor-widget-container\">\n\t\t\t<style>\/*! elementor - v3.7.4 - 31-08-2022 *\/\n.elementor-widget-image{text-align:center}.elementor-widget-image a{display:inline-block}.elementor-widget-image a img[src$=\".svg\"]{width:48px}.elementor-widget-image img{vertical-align:middle;display:inline-block}<\/style>\t\t\t\t\t\t\t\t\t\t\t\t\t<a href=\"https:\/\/voleda.fr\/blog\/volet-roulant-2\/\" target=\"_blank\">\n\t\t\t\t\t\t\t<img decoding=\"async\" loading=\"lazy\" width=\"320\" height=\"321\" src=\"https:\/\/voleda.fr\/blog\/wp-content\/uploads\/2022\/09\/volet-roulant-2.jpg\" class=\"attachment-large size-large\" alt=\"\" srcset=\"https:\/\/voleda.fr\/blog\/wp-content\/uploads\/2022\/09\/volet-roulant-2.jpg 320w, https:\/\/voleda.fr\/blog\/wp-content\/uploads\/2022\/09\/volet-roulant-2-300x300.jpg 300w, https:\/\/voleda.fr\/blog\/wp-content\/uploads\/2022\/09\/volet-roulant-2-150x150.jpg 150w\" sizes=\"(max-width: 320px) 100vw, 320px\" \/>\t\t\t\t\t\t\t\t<\/a>\n\t\t\t\t\t\t\t\t\t\t\t\t\t\t\t<\/div>\n\t\t\t\t<\/div>\n\t\t\t\t\t<\/div>\n\t\t<\/div>\n\t\t\t\t<div class=\"elementor-column elementor-col-25 elementor-inner-column elementor-element elementor-element-97983d7\" data-id=\"97983d7\" data-element_type=\"column\">\n\t\t\t<div class=\"elementor-widget-wrap elementor-element-populated\">\n\t\t\t\t\t\t\t\t<div class=\"elementor-element elementor-element-e4b539d elementor-invisible elementor-widget elementor-widget-image\" data-id=\"e4b539d\" data-element_type=\"widget\" data-settings=\"{&quot;_animation&quot;:&quot;fadeIn&quot;}\" data-widget_type=\"image.default\">\n\t\t\t\t<div class=\"elementor-widget-container\">\n\t\t\t\t\t\t\t\t\t\t\t\t\t\t\t\t<a href=\"https:\/\/voleda.fr\/blog\/porte-de-garage-2\/\" target=\"_blank\">\n\t\t\t\t\t\t\t<img decoding=\"async\" loading=\"lazy\" width=\"320\" height=\"321\" src=\"https:\/\/voleda.fr\/blog\/wp-content\/uploads\/2022\/09\/porte-de-garage-1.jpg\" class=\"attachment-large size-large\" alt=\"Porte de garage\" srcset=\"https:\/\/voleda.fr\/blog\/wp-content\/uploads\/2022\/09\/porte-de-garage-1.jpg 320w, https:\/\/voleda.fr\/blog\/wp-content\/uploads\/2022\/09\/porte-de-garage-1-300x300.jpg 300w, https:\/\/voleda.fr\/blog\/wp-content\/uploads\/2022\/09\/porte-de-garage-1-150x150.jpg 150w\" sizes=\"(max-width: 320px) 100vw, 320px\" \/>\t\t\t\t\t\t\t\t<\/a>\n\t\t\t\t\t\t\t\t\t\t\t\t\t\t\t<\/div>\n\t\t\t\t<\/div>\n\t\t\t\t\t<\/div>\n\t\t<\/div>\n\t\t\t\t<div class=\"elementor-column elementor-col-25 elementor-inner-column elementor-element elementor-element-dba8fcd\" data-id=\"dba8fcd\" data-element_type=\"column\">\n\t\t\t<div class=\"elementor-widget-wrap elementor-element-populated\">\n\t\t\t\t\t\t\t\t<div class=\"elementor-element elementor-element-1979cd9 elementor-invisible elementor-widget elementor-widget-image\" data-id=\"1979cd9\" data-element_type=\"widget\" data-settings=\"{&quot;_animation&quot;:&quot;fadeIn&quot;}\" data-widget_type=\"image.default\">\n\t\t\t\t<div class=\"elementor-widget-container\">\n\t\t\t\t\t\t\t\t\t\t\t\t\t\t\t\t<a href=\"https:\/\/voleda.fr\/blog\/commandes-et-domotique\/\" target=\"_blank\">\n\t\t\t\t\t\t\t<img decoding=\"async\" loading=\"lazy\" width=\"320\" height=\"320\" src=\"https:\/\/voleda.fr\/blog\/wp-content\/uploads\/2022\/09\/telecommandes.jpg\" class=\"attachment-large size-large\" alt=\"T\u00e9l\u00e9commandes\" srcset=\"https:\/\/voleda.fr\/blog\/wp-content\/uploads\/2022\/09\/telecommandes.jpg 320w, https:\/\/voleda.fr\/blog\/wp-content\/uploads\/2022\/09\/telecommandes-300x300.jpg 300w, https:\/\/voleda.fr\/blog\/wp-content\/uploads\/2022\/09\/telecommandes-150x150.jpg 150w\" sizes=\"(max-width: 320px) 100vw, 320px\" \/>\t\t\t\t\t\t\t\t<\/a>\n\t\t\t\t\t\t\t\t\t\t\t\t\t\t\t<\/div>\n\t\t\t\t<\/div>\n\t\t\t\t\t<\/div>\n\t\t<\/div>\n\t\t\t\t<div class=\"elementor-column elementor-col-25 elementor-inner-column elementor-element elementor-element-739cc44\" data-id=\"739cc44\" data-element_type=\"column\">\n\t\t\t<div class=\"elementor-widget-wrap elementor-element-populated\">\n\t\t\t\t\t\t\t\t<div class=\"elementor-element elementor-element-1ffd840 elementor-invisible elementor-widget elementor-widget-image\" data-id=\"1ffd840\" data-element_type=\"widget\" data-settings=\"{&quot;_animation&quot;:&quot;fadeIn&quot;}\" data-widget_type=\"image.default\">\n\t\t\t\t<div class=\"elementor-widget-container\">\n\t\t\t\t\t\t\t\t\t\t\t\t\t\t\t\t<a href=\"https:\/\/voleda.fr\/blog\/store-2\/\" target=\"_blank\">\n\t\t\t\t\t\t\t<img decoding=\"async\" loading=\"lazy\" width=\"320\" height=\"320\" src=\"https:\/\/voleda.fr\/blog\/wp-content\/uploads\/2022\/09\/store-1.jpg\" class=\"attachment-large size-large\" alt=\"Store\" srcset=\"https:\/\/voleda.fr\/blog\/wp-content\/uploads\/2022\/09\/store-1.jpg 320w, https:\/\/voleda.fr\/blog\/wp-content\/uploads\/2022\/09\/store-1-300x300.jpg 300w, https:\/\/voleda.fr\/blog\/wp-content\/uploads\/2022\/09\/store-1-150x150.jpg 150w\" sizes=\"(max-width: 320px) 100vw, 320px\" \/>\t\t\t\t\t\t\t\t<\/a>\n\t\t\t\t\t\t\t\t\t\t\t\t\t\t\t<\/div>\n\t\t\t\t<\/div>\n\t\t\t\t\t<\/div>\n\t\t<\/div>\n\t\t\t\t\t\t\t<\/div>\n\t\t<\/section>\n\t\t\t\t\t<\/div>\n\t\t<\/div>\n\t\t\t\t\t\t\t<\/div>\n\t\t<\/section>\n\t\t\t\t<section class=\"elementor-section elementor-top-section elementor-element elementor-element-ffe47ce elementor-section-boxed elementor-section-height-default elementor-section-height-default\" data-id=\"ffe47ce\" data-element_type=\"section\">\n\t\t\t\t\t\t<div class=\"elementor-container elementor-column-gap-default\">\n\t\t\t\t\t<div class=\"elementor-column elementor-col-100 elementor-top-column elementor-element elementor-element-aea3b3d\" data-id=\"aea3b3d\" data-element_type=\"column\">\n\t\t\t<div class=\"elementor-widget-wrap elementor-element-populated\">\n\t\t\t\t\t\t\t\t<div class=\"elementor-element elementor-element-83fcca0 elementor-widget elementor-widget-text-editor\" data-id=\"83fcca0\" data-element_type=\"widget\" data-widget_type=\"text-editor.default\">\n\t\t\t\t<div class=\"elementor-widget-container\">\n\t\t\t<style>\/*! elementor - v3.7.4 - 31-08-2022 *\/\n.elementor-widget-text-editor.elementor-drop-cap-view-stacked .elementor-drop-cap{background-color:#818a91;color:#fff}.elementor-widget-text-editor.elementor-drop-cap-view-framed .elementor-drop-cap{color:#818a91;border:3px solid;background-color:transparent}.elementor-widget-text-editor:not(.elementor-drop-cap-view-default) .elementor-drop-cap{margin-top:8px}.elementor-widget-text-editor:not(.elementor-drop-cap-view-default) .elementor-drop-cap-letter{width:1em;height:1em}.elementor-widget-text-editor .elementor-drop-cap{float:left;text-align:center;line-height:1;font-size:50px}.elementor-widget-text-editor .elementor-drop-cap-letter{display:inline-block}<\/style>\t\t\t\t<p style=\"text-align: center;\">Vous n&#8217;avez pas trouv\u00e9 l&#8217;article que vous cherchiez ? Vous avez besoin de conseils ?<\/p>\n<p style=\"text-align: center;\">N&#8217;h\u00e9sitez pas \u00e0 nous contacter, nous mettrons tout en oeuvre pour vous conseiller au mieux.<\/p>\t\t\t\t\t\t<\/div>\n\t\t\t\t<\/div>\n\t\t\t\t<div class=\"elementor-element elementor-element-77bfbdb elementor-align-center elementor-widget elementor-widget-button\" data-id=\"77bfbdb\" data-element_type=\"widget\" data-widget_type=\"button.default\">\n\t\t\t\t<div class=\"elementor-widget-container\">\n\t\t\t\t\t<div class=\"elementor-button-wrapper\">\n\t\t\t<a href=\"https:\/\/voleda.fr\/contactez-nous\" class=\"elementor-button-link elementor-button elementor-size-md\" role=\"button\">\n\t\t\t\t\t\t<span class=\"elementor-button-content-wrapper\">\n\t\t\t\t\t\t<span class=\"elementor-button-text\">Contactez-nous<\/span>\n\t\t<\/span>\n\t\t\t\t\t<\/a>\n\t\t<\/div>\n\t\t\t\t<\/div>\n\t\t\t\t<\/div>\n\t\t\t\t\t<\/div>\n\t\t<\/div>\n\t\t\t\t\t\t\t<\/div>\n\t\t<\/section>\n\t\t\t\t\t\t\t<\/div>\n\t\t","protected":false},"excerpt":{"rendered":"<p>Portail D\u00e9couvrez tous nos articles concernant les portails battants et coulissants. NicePortail Nice RobusKit 400 \u2013 Motorisation portail Le moteur Nice Robus 400 est une valeur s\u00fbre du march\u00e9 de l&#8217;automatisme afin de motoriser votre portail coulissant jusqu&#8217;\u00e0 400 kg. D\u00e9couvrez nos diff\u00e9rents packs Nice Robuskit 400 : Lire la suite D\u00e9couvrez nos autres cat\u00e9gories &#8230; <a title=\"Nice RobusKit 400 &#8211; Motorisation portail\" class=\"read-more\" href=\"https:\/\/voleda.fr\/blog\/nice\/nice-robuskit-400-motorisation-portail\/529\/\" aria-label=\"En savoir plus sur Nice RobusKit 400 &#8211; Motorisation portail\">Lire la suite<\/a><\/p>\n","protected":false},"author":1,"featured_media":0,"parent":0,"menu_order":0,"comment_status":"closed","ping_status":"closed","template":"","meta":{"footnotes":""},"yoast_head":"<!-- This site is optimized with the Yoast SEO plugin v20.4 - https:\/\/yoast.com\/wordpress\/plugins\/seo\/ -->\n<title>Portail - Voleda.fr<\/title>\n<meta name=\"description\" content=\"Voleda.fr vous guide dans le choix et vous accompagne dans le r\u00e9glage de vos produits et pi\u00e8ces d\u00e9tach\u00e9es de portail - Voleda.fr\" \/>\n<meta name=\"robots\" content=\"index, follow, max-snippet:-1, max-image-preview:large, max-video-preview:-1\" \/>\n<link rel=\"canonical\" href=\"https:\/\/voleda.fr\/blog\/portail-2\/\" \/>\n<meta property=\"og:locale\" content=\"fr_FR\" \/>\n<meta property=\"og:type\" content=\"article\" \/>\n<meta property=\"og:title\" content=\"Portail - Voleda.fr\" \/>\n<meta property=\"og:description\" content=\"Voleda.fr vous guide dans le choix et vous accompagne dans le r\u00e9glage de vos produits et pi\u00e8ces d\u00e9tach\u00e9es de portail - Voleda.fr\" \/>\n<meta property=\"og:url\" content=\"https:\/\/voleda.fr\/blog\/portail-2\/\" \/>\n<meta property=\"og:site_name\" content=\"Voleda.fr\" \/>\n<meta property=\"article:publisher\" content=\"https:\/\/www.facebook.com\/VoledaFR\" \/>\n<meta property=\"article:modified_time\" content=\"2023-04-25T14:59:11+00:00\" \/>\n<meta property=\"og:image\" content=\"https:\/\/voleda.fr\/blog\/wp-content\/uploads\/2016\/08\/13Plan-de-travail-1-1024x654.jpg\" \/>\n<meta name=\"twitter:card\" content=\"summary_large_image\" \/>\n<meta name=\"twitter:site\" content=\"@voledafr\" \/>\n<meta name=\"twitter:label1\" content=\"Dur\u00e9e de lecture estim\u00e9e\" \/>\n\t<meta name=\"twitter:data1\" content=\"2 minutes\" \/>\n<script type=\"application\/ld+json\" class=\"yoast-schema-graph\">{\"@context\":\"https:\/\/schema.org\",\"@graph\":[{\"@type\":\"WebPage\",\"@id\":\"https:\/\/voleda.fr\/blog\/portail-2\/\",\"url\":\"https:\/\/voleda.fr\/blog\/portail-2\/\",\"name\":\"Portail - Voleda.fr\",\"isPartOf\":{\"@id\":\"https:\/\/voleda.fr\/blog\/#website\"},\"datePublished\":\"2022-09-26T12:21:00+00:00\",\"dateModified\":\"2023-04-25T14:59:11+00:00\",\"description\":\"Voleda.fr vous guide dans le choix et vous accompagne dans le r\u00e9glage de vos produits et pi\u00e8ces d\u00e9tach\u00e9es de portail - Voleda.fr\",\"breadcrumb\":{\"@id\":\"https:\/\/voleda.fr\/blog\/portail-2\/#breadcrumb\"},\"inLanguage\":\"fr-FR\",\"potentialAction\":[{\"@type\":\"ReadAction\",\"target\":[\"https:\/\/voleda.fr\/blog\/portail-2\/\"]}]},{\"@type\":\"BreadcrumbList\",\"@id\":\"https:\/\/voleda.fr\/blog\/portail-2\/#breadcrumb\",\"itemListElement\":[{\"@type\":\"ListItem\",\"position\":1,\"name\":\"Accueil\",\"item\":\"https:\/\/voleda.fr\/blog\/\"},{\"@type\":\"ListItem\",\"position\":2,\"name\":\"Portail\"}]},{\"@type\":\"WebSite\",\"@id\":\"https:\/\/voleda.fr\/blog\/#website\",\"url\":\"https:\/\/voleda.fr\/blog\/\",\"name\":\"Voleda.fr\",\"description\":\"Votre sp\u00e9cialiste du volet roulant\",\"publisher\":{\"@id\":\"https:\/\/voleda.fr\/blog\/#organization\"},\"potentialAction\":[{\"@type\":\"SearchAction\",\"target\":{\"@type\":\"EntryPoint\",\"urlTemplate\":\"https:\/\/voleda.fr\/blog\/?s={search_term_string}\"},\"query-input\":\"required name=search_term_string\"}],\"inLanguage\":\"fr-FR\"},{\"@type\":\"Organization\",\"@id\":\"https:\/\/voleda.fr\/blog\/#organization\",\"name\":\"Voleda.fr\",\"url\":\"https:\/\/voleda.fr\/blog\/\",\"logo\":{\"@type\":\"ImageObject\",\"inLanguage\":\"fr-FR\",\"@id\":\"https:\/\/voleda.fr\/blog\/#\/schema\/logo\/image\/\",\"url\":\"https:\/\/voleda.fr\/blog\/wp-content\/uploads\/2022\/09\/cropped-cropped-250Plan-de-travail-1-2-1.jpg\",\"contentUrl\":\"https:\/\/voleda.fr\/blog\/wp-content\/uploads\/2022\/09\/cropped-cropped-250Plan-de-travail-1-2-1.jpg\",\"width\":1012,\"height\":375,\"caption\":\"Voleda.fr\"},\"image\":{\"@id\":\"https:\/\/voleda.fr\/blog\/#\/schema\/logo\/image\/\"},\"sameAs\":[\"https:\/\/www.facebook.com\/VoledaFR\",\"https:\/\/twitter.com\/voledafr\",\"https:\/\/www.linkedin.com\/in\/voleda-fr-066842102\",\"https:\/\/www.youtube.com\/channel\/UCpHB75wOxZUeRMgFAAcQ-DA\",\"https:\/\/www.instagram.com\/voleda.france\/?hl=fr\",\"https:\/\/www.pinterest.fr\/voledafrance\/\"]}]}<\/script>\n<!-- \/ Yoast SEO plugin. -->","yoast_head_json":{"title":"Portail - Voleda.fr","description":"Voleda.fr vous guide dans le choix et vous accompagne dans le r\u00e9glage de vos produits et pi\u00e8ces d\u00e9tach\u00e9es de portail - Voleda.fr","robots":{"index":"index","follow":"follow","max-snippet":"max-snippet:-1","max-image-preview":"max-image-preview:large","max-video-preview":"max-video-preview:-1"},"canonical":"https:\/\/voleda.fr\/blog\/portail-2\/","og_locale":"fr_FR","og_type":"article","og_title":"Portail - Voleda.fr","og_description":"Voleda.fr vous guide dans le choix et vous accompagne dans le r\u00e9glage de vos produits et pi\u00e8ces d\u00e9tach\u00e9es de portail - Voleda.fr","og_url":"https:\/\/voleda.fr\/blog\/portail-2\/","og_site_name":"Voleda.fr","article_publisher":"https:\/\/www.facebook.com\/VoledaFR","article_modified_time":"2023-04-25T14:59:11+00:00","og_image":[{"url":"https:\/\/voleda.fr\/blog\/wp-content\/uploads\/2016\/08\/13Plan-de-travail-1-1024x654.jpg"}],"twitter_card":"summary_large_image","twitter_site":"@voledafr","twitter_misc":{"Dur\u00e9e de lecture estim\u00e9e":"2 minutes"},"schema":{"@context":"https:\/\/schema.org","@graph":[{"@type":"WebPage","@id":"https:\/\/voleda.fr\/blog\/portail-2\/","url":"https:\/\/voleda.fr\/blog\/portail-2\/","name":"Portail - Voleda.fr","isPartOf":{"@id":"https:\/\/voleda.fr\/blog\/#website"},"datePublished":"2022-09-26T12:21:00+00:00","dateModified":"2023-04-25T14:59:11+00:00","description":"Voleda.fr vous guide dans le choix et vous accompagne dans le r\u00e9glage de vos produits et pi\u00e8ces d\u00e9tach\u00e9es de portail - Voleda.fr","breadcrumb":{"@id":"https:\/\/voleda.fr\/blog\/portail-2\/#breadcrumb"},"inLanguage":"fr-FR","potentialAction":[{"@type":"ReadAction","target":["https:\/\/voleda.fr\/blog\/portail-2\/"]}]},{"@type":"BreadcrumbList","@id":"https:\/\/voleda.fr\/blog\/portail-2\/#breadcrumb","itemListElement":[{"@type":"ListItem","position":1,"name":"Accueil","item":"https:\/\/voleda.fr\/blog\/"},{"@type":"ListItem","position":2,"name":"Portail"}]},{"@type":"WebSite","@id":"https:\/\/voleda.fr\/blog\/#website","url":"https:\/\/voleda.fr\/blog\/","name":"Voleda.fr","description":"Votre sp\u00e9cialiste du volet roulant","publisher":{"@id":"https:\/\/voleda.fr\/blog\/#organization"},"potentialAction":[{"@type":"SearchAction","target":{"@type":"EntryPoint","urlTemplate":"https:\/\/voleda.fr\/blog\/?s={search_term_string}"},"query-input":"required name=search_term_string"}],"inLanguage":"fr-FR"},{"@type":"Organization","@id":"https:\/\/voleda.fr\/blog\/#organization","name":"Voleda.fr","url":"https:\/\/voleda.fr\/blog\/","logo":{"@type":"ImageObject","inLanguage":"fr-FR","@id":"https:\/\/voleda.fr\/blog\/#\/schema\/logo\/image\/","url":"https:\/\/voleda.fr\/blog\/wp-content\/uploads\/2022\/09\/cropped-cropped-250Plan-de-travail-1-2-1.jpg","contentUrl":"https:\/\/voleda.fr\/blog\/wp-content\/uploads\/2022\/09\/cropped-cropped-250Plan-de-travail-1-2-1.jpg","width":1012,"height":375,"caption":"Voleda.fr"},"image":{"@id":"https:\/\/voleda.fr\/blog\/#\/schema\/logo\/image\/"},"sameAs":["https:\/\/www.facebook.com\/VoledaFR","https:\/\/twitter.com\/voledafr","https:\/\/www.linkedin.com\/in\/voleda-fr-066842102","https:\/\/www.youtube.com\/channel\/UCpHB75wOxZUeRMgFAAcQ-DA","https:\/\/www.instagram.com\/voleda.france\/?hl=fr","https:\/\/www.pinterest.fr\/voledafrance\/"]}]}},"_links":{"self":[{"href":"https:\/\/voleda.fr\/blog\/wp-json\/wp\/v2\/pages\/1500"}],"collection":[{"href":"https:\/\/voleda.fr\/blog\/wp-json\/wp\/v2\/pages"}],"about":[{"href":"https:\/\/voleda.fr\/blog\/wp-json\/wp\/v2\/types\/page"}],"author":[{"embeddable":true,"href":"https:\/\/voleda.fr\/blog\/wp-json\/wp\/v2\/users\/1"}],"replies":[{"embeddable":true,"href":"https:\/\/voleda.fr\/blog\/wp-json\/wp\/v2\/comments?post=1500"}],"version-history":[{"count":14,"href":"https:\/\/voleda.fr\/blog\/wp-json\/wp\/v2\/pages\/1500\/revisions"}],"predecessor-version":[{"id":2925,"href":"https:\/\/voleda.fr\/blog\/wp-json\/wp\/v2\/pages\/1500\/revisions\/2925"}],"wp:attachment":[{"href":"https:\/\/voleda.fr\/blog\/wp-json\/wp\/v2\/media?parent=1500"}],"curies":[{"name":"wp","href":"https:\/\/api.w.org\/{rel}","templated":true}]}}